{"id":77,"date":"2025-12-02T22:17:52","date_gmt":"2025-12-02T22:17:52","guid":{"rendered":"http:\/\/www.luxvito.com.tr\/?page_id=77"},"modified":"2025-12-14T20:10:00","modified_gmt":"2025-12-14T20:10:00","slug":"kiralikvipvito-iletisim","status":"publish","type":"page","link":"http:\/\/www.luxvito.com.tr\/?page_id=77","title":{"rendered":"\u0130leti\u015fim"},"content":{"rendered":"<div class=\"is-default-size wp-block-site-logo\"><a href=\"http:\/\/www.luxvito.com.tr\/\" class=\"custom-logo-link\" rel=\"home\"><img loading=\"lazy\" decoding=\"async\" width=\"512\" height=\"214\" src=\"http:\/\/www.luxvito.com.tr\/wp-content\/uploads\/2025\/12\/autoviplogo.png\" class=\"custom-logo\" alt=\"lux vito kiralama\" srcset=\"http:\/\/www.luxvito.com.tr\/wp-content\/uploads\/2025\/12\/autoviplogo.png 512w, http:\/\/www.luxvito.com.tr\/wp-content\/uploads\/2025\/12\/autoviplogo-300x125.png 300w\" sizes=\"auto, (max-width: 512px) 100vw, 512px\" \/><\/a><\/div>\n\n\n<h2 class=\"wp-block-heading\"><\/h2>\n\n\n\n<figure class=\"wp-block-image size-full\"><img loading=\"lazy\" decoding=\"async\" width=\"823\" height=\"535\" src=\"http:\/\/www.luxvito.com.tr\/wp-content\/uploads\/2025\/12\/Kiralik-vito-airport-.jpg\" alt=\"kiral\u0131k vip vito ileti\u015fim\" class=\"wp-image-7\" srcset=\"http:\/\/www.luxvito.com.tr\/wp-content\/uploads\/2025\/12\/Kiralik-vito-airport-.jpg 823w, http:\/\/www.luxvito.com.tr\/wp-content\/uploads\/2025\/12\/Kiralik-vito-airport--300x195.jpg 300w, http:\/\/www.luxvito.com.tr\/wp-content\/uploads\/2025\/12\/Kiralik-vito-airport--768x499.jpg 768w\" sizes=\"auto, (max-width: 823px) 100vw, 823px\" \/><\/figure>\n\n\n\n<div class=\"wp-block-buttons is-layout-flex wp-block-buttons-is-layout-flex\">\n<div class=\"wp-block-button\"><a class=\"wp-block-button__link wp-element-button\" href=\"http:\/\/www.luxvito.com.tr\">Anasayfa<\/a><\/div>\n\n\n\n<div class=\"wp-block-button\"><a class=\"wp-block-button__link wp-element-button\" href=\"http:\/\/www.luxvito.com.tr\/?page_id=44\">Hakk\u0131m\u0131zda<\/a><\/div>\n\n\n\n<div class=\"wp-block-button\"><a class=\"wp-block-button__link wp-element-button\" href=\"http:\/\/www.luxvito.com.tr\/?page_id=66\">Hizmetler<\/a><\/div>\n\n\n\n<div class=\"wp-block-button\"><a class=\"wp-block-button__link wp-element-button\" href=\"http:\/\/www.luxvito.com.tr\/?page_id=77\">\u0130leti\u015fim<\/a><\/div>\n<\/div>\n\n\n\n<p><\/p>\n\n\n\n<h2 class=\"wp-block-heading\"><strong>Kiral\u0131k Vip Vito Hizmeti<\/strong> <\/h2>\n\n\n\n<h3 class=\"wp-block-heading\"><strong>AVRUPA YAKASI \u2013 T\u00dcM L\u00dcKS SEMTLER &amp; E\u011eLENCE MERKEZLER\u0130<\/strong><\/h3>\n\n\n\n<h3 class=\"wp-block-heading\"><strong>Be\u015fikta\u015f \u2013 L\u00fcks Semtler<\/strong><\/h3>\n\n\n\n<ul class=\"wp-block-list\">\n<li>Etiler<\/li>\n\n\n\n<li>Levent<\/li>\n\n\n\n<li>Bebek<\/li>\n\n\n\n<li>Arnavutk\u00f6y<\/li>\n\n\n\n<li>Akaretler<\/li>\n\n\n\n<li>Kuru\u00e7e\u015fme<\/li>\n\n\n\n<li>Ortak\u00f6y<\/li>\n\n\n\n<li>Ulus<\/li>\n\n\n\n<li>Nisbetiye<\/li>\n\n\n\n<li>Nispetiye Caddesi b\u00f6lgesi<\/li>\n\n\n\n<li>Vi\u015fnezade<\/li>\n<\/ul>\n\n\n\n<h3 class=\"wp-block-heading\"><strong>\u015ei\u015fli \u2013 L\u00fcks Semtler<\/strong><\/h3>\n\n\n\n<ul class=\"wp-block-list\">\n<li>Ni\u015fanta\u015f\u0131<\/li>\n\n\n\n<li>Te\u015fvikiye<\/li>\n\n\n\n<li>Ma\u00e7ka<\/li>\n\n\n\n<li>Rumeli Caddesi \u00e7evresi<\/li>\n\n\n\n<li>Bomonti<\/li>\n<\/ul>\n\n\n\n<h3 class=\"wp-block-heading\"><strong>Sar\u0131yer \u2013 L\u00fcks Semtler<\/strong><\/h3>\n\n\n\n<ul class=\"wp-block-list\">\n<li>Tarabya<\/li>\n\n\n\n<li>Emirgan<\/li>\n\n\n\n<li>Yenik\u00f6y<\/li>\n\n\n\n<li>\u0130stinye<\/li>\n\n\n\n<li>Baltaliman\u0131<\/li>\n\n\n\n<li>Zekeriyak\u00f6y<\/li>\n\n\n\n<li>Uskumruk\u00f6y<\/li>\n\n\n\n<li>B\u00fcy\u00fckdere<\/li>\n\n\n\n<li>Maslak<\/li>\n<\/ul>\n\n\n\n<h3 class=\"wp-block-heading\"><strong>Kad\u0131k\u00f6y\u2013E\u011flence &amp; Gece Hayat\u0131 Yo\u011funlu\u011fu (Avrupa Yakas\u0131 yerine Karak\u00f6y\/Taksim b\u00f6lgesi)<\/strong><\/h3>\n\n\n\n<ul class=\"wp-block-list\">\n<li>Karak\u00f6y<\/li>\n\n\n\n<li>Galata<\/li>\n\n\n\n<li>Tophane<\/li>\n\n\n\n<li>Taksim<\/li>\n\n\n\n<li>Cihangir<\/li>\n\n\n\n<li>Asmal\u0131mescit<\/li>\n\n\n\n<li>Harbiye<\/li>\n<\/ul>\n\n\n\n<h3 class=\"wp-block-heading\"><strong>Bak\u0131rk\u00f6y \u2013 L\u00fcks Ya\u015fam B\u00f6lgeleri<\/strong><\/h3>\n\n\n\n<ul class=\"wp-block-list\">\n<li>Atak\u00f6y 1-2-3-4<\/li>\n\n\n\n<li>Atak\u00f6y 5-6-7-8<\/li>\n\n\n\n<li>Ye\u015filk\u00f6y<\/li>\n\n\n\n<li>Ye\u015filyurt<\/li>\n\n\n\n<li>Florya<\/li>\n<\/ul>\n\n\n\n<h3 class=\"wp-block-heading\"><strong>Zeytinburnu \u2013 Modern L\u00fcks Projeler<\/strong><\/h3>\n\n\n\n<ul class=\"wp-block-list\">\n<li>Kazl\u0131\u00e7e\u015fme Sahil<\/li>\n\n\n\n<li>Veliefendi Residence b\u00f6lgesi<\/li>\n<\/ul>\n\n\n\n<h3 class=\"wp-block-heading\"><strong>Beyo\u011flu \u2013 E\u011flence &amp; Turizm Merkezleri<\/strong><\/h3>\n\n\n\n<ul class=\"wp-block-list\">\n<li>\u0130stiklal Caddesi<\/li>\n\n\n\n<li>Pera<\/li>\n\n\n\n<li>Nevizade<\/li>\n\n\n\n<li>\u00c7ukurcuma<\/li>\n\n\n\n<li>K\u00fc\u00e7\u00fck Beyo\u011flu b\u00f6lgesi<\/li>\n<\/ul>\n\n\n\n<h3 class=\"wp-block-heading\"><strong>Fatih \u2013 Turistik ve Premium Otel B\u00f6lgeleri<\/strong><\/h3>\n\n\n\n<ul class=\"wp-block-list\">\n<li>Sultanahmet<\/li>\n\n\n\n<li>Sirkeci<\/li>\n\n\n\n<li>Laleli<\/li>\n\n\n\n<li>Aksaray (otel b\u00f6lgesi)<\/li>\n<\/ul>\n\n\n\n<hr class=\"wp-block-separator has-alpha-channel-opacity\"\/>\n\n\n\n<h3 class=\"wp-block-heading\"><strong>ANADOLU YAKASI \u2013 T\u00dcM L\u00dcKS SEMTLER &amp; E\u011eLENCE MERKEZLER\u0130<\/strong><\/h3>\n\n\n\n<h3 class=\"wp-block-heading\"><strong>Kad\u0131k\u00f6y \u2013 L\u00fcks &amp; E\u011flence Semtleri<\/strong><\/h3>\n\n\n\n<ul class=\"wp-block-list\">\n<li>Caddebostan<\/li>\n\n\n\n<li>Suadiye<\/li>\n\n\n\n<li>Erenk\u00f6y<\/li>\n\n\n\n<li>G\u00f6ztepe<\/li>\n\n\n\n<li>Moda<\/li>\n\n\n\n<li>Fenerbah\u00e7e<\/li>\n\n\n\n<li>Kalam\u0131\u015f<\/li>\n\n\n\n<li>Ba\u011fdat Caddesi hatt\u0131 tamam\u0131<\/li>\n<\/ul>\n\n\n\n<h3 class=\"wp-block-heading\"><strong>\u00dcsk\u00fcdar \u2013 Prestijli Semtler<\/strong><\/h3>\n\n\n\n<ul class=\"wp-block-list\">\n<li>\u00c7engelk\u00f6y<\/li>\n\n\n\n<li>Kandilli<\/li>\n\n\n\n<li>Kuzguncuk<\/li>\n\n\n\n<li>Beylerbeyi<\/li>\n\n\n\n<li>Salacak<\/li>\n\n\n\n<li>Altunizade<\/li>\n\n\n\n<li>K\u0131s\u0131kl\u0131<\/li>\n<\/ul>\n\n\n\n<h2 class=\"wp-block-heading\"><strong>Ata\u015fehir \u2013 Modern L\u00fcks B\u00f6lge<\/strong><\/h2>\n\n\n\n<ul class=\"wp-block-list\">\n<li>Ata\u015fehir Finans Merkezi<\/li>\n\n\n\n<li>Barbaros Mahallesi<\/li>\n\n\n\n<li>\u0130\u00e7erenk\u00f6y Bat\u0131 Ata\u015fehir b\u00f6lgesi<\/li>\n\n\n\n<li>K\u00fc\u00e7\u00fckbakkalk\u00f6y (restoran b\u00f6lgesi)<\/li>\n<\/ul>\n\n\n\n<h2 class=\"wp-block-heading\"><strong>Beykoz \u2013 L\u00fcks Villalar ve Sahil Semtleri<\/strong><\/h2>\n\n\n\n<ul class=\"wp-block-list\">\n<li>Kanl\u0131ca<\/li>\n\n\n\n<li>\u00c7ubuklu<\/li>\n\n\n\n<li>Anadoluhisar\u0131<\/li>\n\n\n\n<li>Acarkent<\/li>\n\n\n\n<li>Beykoz Konaklar\u0131<\/li>\n\n\n\n<li>G\u00f6ksu<\/li>\n\n\n\n<li>Pa\u015fabah\u00e7e<\/li>\n<\/ul>\n\n\n\n<h2 class=\"wp-block-heading\"><strong>Maltepe \u2013 Yeni L\u00fcks Projeler &amp; Sahil<\/strong><\/h2>\n\n\n\n<ul class=\"wp-block-list\">\n<li>Dragos<\/li>\n\n\n\n<li>K\u00fc\u00e7\u00fckyal\u0131 sahil hatt\u0131<\/li>\n\n\n\n<li>Alt\u0131ntepe<\/li>\n<\/ul>\n\n\n\n<h2 class=\"wp-block-heading\"><strong>Kartal \u2013 Premium Residence Projeleri<\/strong><\/h2>\n\n\n\n<ul class=\"wp-block-list\">\n<li>Yakac\u0131k<\/li>\n\n\n\n<li>Kartal Sahil<\/li>\n\n\n\n<li>So\u011fanl\u0131k premium siteler<\/li>\n<\/ul>\n\n\n\n<hr class=\"wp-block-separator has-alpha-channel-opacity\"\/>\n\n\n\n<h3 class=\"wp-block-heading\"><strong>\u0130stanbul\u2019da \u00d6ne \u00c7\u0131kan E\u011flence ve L\u00fcks Ya\u015fam Merkezleri (Her Yaka Kar\u0131\u015f\u0131k)<\/strong><\/h3>\n\n\n\n<h3 class=\"wp-block-heading\"><strong>L\u00fcks Restoran ve Gece Kul\u00fcb\u00fc Yo\u011funlu\u011fu<\/strong><\/h3>\n\n\n\n<ul class=\"wp-block-list\">\n<li>Bebek Sahil<\/li>\n\n\n\n<li>Kuru\u00e7e\u015fme<\/li>\n\n\n\n<li>Ortak\u00f6y<\/li>\n\n\n\n<li>Arnavutk\u00f6y<\/li>\n\n\n\n<li>Karak\u00f6y Sahil<\/li>\n\n\n\n<li>Galataport<\/li>\n\n\n\n<li>Ni\u015fanta\u015f\u0131 City\u2019s b\u00f6lgesi<\/li>\n\n\n\n<li>Maslak 1453<\/li>\n\n\n\n<li>Zorlu Center<\/li>\n\n\n\n<li>\u0130stinyePark<\/li>\n\n\n\n<li>Vadistanbul<\/li>\n\n\n\n<li>Emaar Square Mall<\/li>\n\n\n\n<li>Caddebostan Sahil<\/li>\n\n\n\n<li>Kalam\u0131\u015f Marina<\/li>\n\n\n\n<li>Suadiye Sahil<\/li>\n<\/ul>\n\n\n\n<h3 class=\"wp-block-heading\"><strong>Turistlerin En \u00c7ok Tercih Etti\u011fi B\u00f6lgeler<\/strong><\/h3>\n\n\n\n<ul class=\"wp-block-list\">\n<li>Sultanahmet<\/li>\n\n\n\n<li>Galata<\/li>\n\n\n\n<li>Karak\u00f6y<\/li>\n\n\n\n<li>Taksim<\/li>\n\n\n\n<li>Be\u015fikta\u015f Meydan<\/li>\n\n\n\n<li>Ortak\u00f6y Sahil<\/li>\n\n\n\n<li>\u00dcsk\u00fcdar Sahil<\/li>\n\n\n\n<li>Kad\u0131k\u00f6y Moda<\/li>\n\n\n\n<li>Emirgan<\/li>\n\n\n\n<li>Rumeli Hisar\u0131<\/li>\n<\/ul>\n\n\n\n<h2 class=\"wp-block-heading\"><br>\u0130leti\u015fim<\/h2>\n\n\n\n<p><strong>Tel:0533 484 1 484<\/strong><\/p>\n\n\n\n<p><\/p>\n","protected":false},"excerpt":{"rendered":"<p>Kiral\u0131k Vip Vito Hizmeti AVRUPA YAKASI \u2013 T\u00dcM L\u00dcKS SEMTLER &amp; E\u011eLENCE MERKEZLER\u0130 Be\u015fikta\u015f \u2013 L\u00fcks Semtler \u015ei\u015fli \u2013 L\u00fcks Semtler Sar\u0131yer \u2013 L\u00fcks Semtler Kad\u0131k\u00f6y\u2013E\u011flence &amp; Gece Hayat\u0131 Yo\u011funlu\u011fu (Avrupa Yakas\u0131 yerine Karak\u00f6y\/Taksim b\u00f6lgesi) Bak\u0131rk\u00f6y \u2013 L\u00fcks Ya\u015fam B\u00f6lgeleri Zeytinburnu \u2013 Modern L\u00fcks Projeler Beyo\u011flu \u2013 E\u011flence &amp; Turizm Merkezleri Fatih \u2013 Turistik ve [&hellip;]<\/p>\n","protected":false},"author":1,"featured_media":0,"parent":0,"menu_order":0,"comment_status":"closed","ping_status":"closed","template":"","meta":{"footnotes":""},"class_list":["post-77","page","type-page","status-publish","hentry"],"_links":{"self":[{"href":"http:\/\/www.luxvito.com.tr\/index.php?rest_route=\/wp\/v2\/pages\/77","targetHints":{"allow":["GET"]}}],"collection":[{"href":"http:\/\/www.luxvito.com.tr\/index.php?rest_route=\/wp\/v2\/pages"}],"about":[{"href":"http:\/\/www.luxvito.com.tr\/index.php?rest_route=\/wp\/v2\/types\/page"}],"author":[{"embeddable":true,"href":"http:\/\/www.luxvito.com.tr\/index.php?rest_route=\/wp\/v2\/users\/1"}],"replies":[{"embeddable":true,"href":"http:\/\/www.luxvito.com.tr\/index.php?rest_route=%2Fwp%2Fv2%2Fcomments&post=77"}],"version-history":[{"count":2,"href":"http:\/\/www.luxvito.com.tr\/index.php?rest_route=\/wp\/v2\/pages\/77\/revisions"}],"predecessor-version":[{"id":79,"href":"http:\/\/www.luxvito.com.tr\/index.php?rest_route=\/wp\/v2\/pages\/77\/revisions\/79"}],"wp:attachment":[{"href":"http:\/\/www.luxvito.com.tr\/index.php?rest_route=%2Fwp%2Fv2%2Fmedia&parent=77"}],"curies":[{"name":"wp","href":"https:\/\/api.w.org\/{rel}","templated":true}]}}